{"id":2052,"date":"2025-01-29T20:45:10","date_gmt":"2025-01-29T19:45:10","guid":{"rendered":"https:\/\/german-forestowners.eu\/en\/?page_id=2052"},"modified":"2025-04-15T16:40:58","modified_gmt":"2025-04-15T14:40:58","slug":"data-protection","status":"publish","type":"page","link":"https:\/\/german-forestowners.eu\/en\/data-protection\/","title":{"rendered":"Data Protection"},"content":{"rendered":"\t\t<div data-elementor-type=\"wp-page\" data-elementor-id=\"2052\" class=\"elementor elementor-2052\" data-elementor-post-type=\"page\">\n\t\t\t\t\t\t<section class=\"elementor-section elementor-top-section elementor-element elementor-element-4e3d678f elementor-section-stretched elementor-section-boxed elementor-section-height-default elementor-section-height-default\" data-id=\"4e3d678f\" data-element_type=\"section\" data-settings=\"{&quot;stretch_section&quot;:&quot;section-stretched&quot;,&quot;background_background&quot;:&quot;classic&quot;}\">\n\t\t\t\t\t\t<div class=\"elementor-container elementor-column-gap-custom\">\n\t\t\t\t\t<div class=\"elementor-column elementor-col-100 elementor-top-column elementor-element elementor-element-65e53115 elementor-invisible\" data-id=\"65e53115\" data-element_type=\"column\" data-settings=\"{&quot;animation&quot;:&quot;zoomIn&quot;}\">\n\t\t\t<div class=\"elementor-widget-wrap elementor-element-populated\">\n\t\t\t\t\t\t<div class=\"elementor-element elementor-element-6e8cc3c0 elementor-widget elementor-widget-spacer\" data-id=\"6e8cc3c0\" data-element_type=\"widget\" data-widget_type=\"spacer.default\">\n\t\t\t\t<div class=\"elementor-widget-container\">\n\t\t\t\t\t\t\t<div class=\"elementor-spacer\">\n\t\t\t<div class=\"elementor-spacer-inner\"><\/div>\n\t\t<\/div>\n\t\t\t\t\t\t<\/div>\n\t\t\t\t<\/div>\n\t\t\t\t\t<\/div>\n\t\t<\/div>\n\t\t\t\t\t<\/div>\n\t\t<\/section>\n\t\t\t\t<section class=\"elementor-section elementor-top-section elementor-element elementor-element-819536a elementor-section-stretched elementor-section-boxed elementor-section-height-default elementor-section-height-default\" data-id=\"819536a\" data-element_type=\"section\" data-settings=\"{&quot;stretch_section&quot;:&quot;section-stretched&quot;}\">\n\t\t\t\t\t\t<div class=\"elementor-container elementor-column-gap-custom\">\n\t\t\t\t\t<div class=\"elementor-column elementor-col-100 elementor-top-column elementor-element elementor-element-5560188\" data-id=\"5560188\" data-element_type=\"column\">\n\t\t\t<div class=\"elementor-widget-wrap elementor-element-populated\">\n\t\t\t\t\t\t<div class=\"elementor-element elementor-element-32ecc17 elementor-align-center elementor-widget elementor-widget-etheme_advanced_headline\" data-id=\"32ecc17\" data-element_type=\"widget\" data-widget_type=\"etheme_advanced_headline.default\">\n\t\t\t\t<div class=\"elementor-widget-container\">\n\t\t\t\t\t        \r\n        <div class=\"etheme-a-h-wrapper\">\r\n        \r\n            \r\n        <h2 class=\"etheme-advanced-headline\">\r\n\r\n            Datenschutz\r\n        <\/h2>\r\n\t\t\r\n                    \r\n        <\/div>\r\n        \r\n\t\t\t\t\t\t<\/div>\n\t\t\t\t<\/div>\n\t\t\t\t\t<\/div>\n\t\t<\/div>\n\t\t\t\t\t<\/div>\n\t\t<\/section>\n\t\t\t\t<section class=\"elementor-section elementor-top-section elementor-element elementor-element-44240c8 elementor-section-stretched elementor-section-boxed elementor-section-height-default elementor-section-height-default\" data-id=\"44240c8\" data-element_type=\"section\" data-settings=\"{&quot;stretch_section&quot;:&quot;section-stretched&quot;}\">\n\t\t\t\t\t\t<div class=\"elementor-container elementor-column-gap-custom\">\n\t\t\t\t\t<div class=\"elementor-column elementor-col-100 elementor-top-column elementor-element elementor-element-6b38cf3\" data-id=\"6b38cf3\" data-element_type=\"column\">\n\t\t\t<div class=\"elementor-widget-wrap elementor-element-populated\">\n\t\t\t\t\t\t<div class=\"elementor-element elementor-element-acaa062 elementor-widget elementor-widget-text-editor\" data-id=\"acaa062\" data-element_type=\"widget\" data-widget_type=\"text-editor.default\">\n\t\t\t\t<div class=\"elementor-widget-container\">\n\t\t\t\t\t\t\t\t\t<p><strong>Repr\u00e4sentanz deutscher Waldbesitzer bei der EU<\/strong><br \/>Rue de Tr\u00e8ves 67, 1040 Bruxelles, Belgien<\/p><p>Vertreten durch:<br \/>Felix M\u00fcller, M.Sc. (ViSdPG), Gesch\u00e4ftsf\u00fchrender Direktor<\/p><p><strong>In Kooperation mit: <br \/>Arbeitsgemeinschaft Deutscher Waldbesitzerverb\u00e4nde e.V.<\/strong><br \/>Reinhardtstra\u00dfe 18A; 10117 Berlin<br \/>Pr\u00e4sident: Prof. Dr. Andreas W. Bitter<br \/>Hauptgesch\u00e4ftsf\u00fchrerin: Dr. Irene Seling <br \/>Vereinsregister: Berlin-Charlottenburg: VR 36562 B<\/p><p>Telefon: 030 311 66 76-20<br \/>E-Mail: info@waldeigentuemer.de<\/p><p><strong>Familienbetriebe Land und Forst e.V.<\/strong><br \/>Claire-Waldoff-Stra\u00dfe 7; 10117 Berlin<br \/>Vorsitzender: Max Freiherr von Elverfeldt<br \/>Gesch\u00e4ftsf\u00fchrer: Leo-Charles von Stockhausen<br \/>Vereinsregister: Berlin: VR 19 743 Nz<\/p><p>Telefon: 030 24630460<br \/>E-Mail: info@fablf.de<\/p>\t\t\t\t\t\t\t\t<\/div>\n\t\t\t\t<\/div>\n\t\t\t\t\t<\/div>\n\t\t<\/div>\n\t\t\t\t\t<\/div>\n\t\t<\/section>\n\t\t\t\t<\/div>\n\t\t","protected":false},"excerpt":{"rendered":"<p>Datenschutz Repr\u00e4sentanz deutscher Waldbesitzer bei der EURue de Tr\u00e8ves 67, 1040 Bruxelles, Belgien Vertreten durch:Felix M\u00fcller, M.Sc. (ViSdPG), Gesch\u00e4ftsf\u00fchrender Direktor In Kooperation mit: Arbeitsgemeinschaft Deutscher&#8230;<\/p>\n","protected":false},"author":1,"featured_media":0,"parent":0,"menu_order":0,"comment_status":"closed","ping_status":"closed","template":"","meta":{"footnotes":""},"class_list":["post-2052","page","type-page","status-publish","hentry"],"_links":{"self":[{"href":"https:\/\/german-forestowners.eu\/en\/wp-json\/wp\/v2\/pages\/2052","targetHints":{"allow":["GET"]}}],"collection":[{"href":"https:\/\/german-forestowners.eu\/en\/wp-json\/wp\/v2\/pages"}],"about":[{"href":"https:\/\/german-forestowners.eu\/en\/wp-json\/wp\/v2\/types\/page"}],"author":[{"embeddable":true,"href":"https:\/\/german-forestowners.eu\/en\/wp-json\/wp\/v2\/users\/1"}],"replies":[{"embeddable":true,"href":"https:\/\/german-forestowners.eu\/en\/wp-json\/wp\/v2\/comments?post=2052"}],"version-history":[{"count":14,"href":"https:\/\/german-forestowners.eu\/en\/wp-json\/wp\/v2\/pages\/2052\/revisions"}],"predecessor-version":[{"id":2296,"href":"https:\/\/german-forestowners.eu\/en\/wp-json\/wp\/v2\/pages\/2052\/revisions\/2296"}],"wp:attachment":[{"href":"https:\/\/german-forestowners.eu\/en\/wp-json\/wp\/v2\/media?parent=2052"}],"curies":[{"name":"wp","href":"https:\/\/api.w.org\/{rel}","templated":true}]}}